{"id":16556,"date":"2025-02-07T12:30:09","date_gmt":"2025-02-07T12:30:09","guid":{"rendered":"https:\/\/china-docshipper.uiart.io\/fr\/?page_id=16556"},"modified":"2026-01-12T10:39:01","modified_gmt":"2026-01-12T10:39:01","slug":"contact","status":"publish","type":"page","link":"https:\/\/china.docshipper.com\/fr\/contact\/","title":{"rendered":"Contact"},"content":{"rendered":"\t\t<div data-elementor-type=\"wp-page\" data-elementor-id=\"16556\" class=\"elementor elementor-16556\" data-elementor-post-type=\"page\">\n\t\t\t\t\t\t<section class=\"elementor-section elementor-top-section elementor-element elementor-element-52197502 elementor-section-boxed elementor-section-height-default elementor-section-height-default\" data-id=\"52197502\" data-element_type=\"section\" data-e-type=\"section\" data-settings=\"{&quot;background_background&quot;:&quot;classic&quot;}\">\n\t\t\t\t\t\t\t<div class=\"elementor-background-overlay\"><\/div>\n\t\t\t\t\t\t\t<div class=\"elementor-container elementor-column-gap-default\">\n\t\t\t\t\t<div class=\"elementor-column elementor-col-100 elementor-top-column elementor-element elementor-element-511a3ec6\" data-id=\"511a3ec6\" data-element_type=\"column\" data-e-type=\"column\">\n\t\t\t<div class=\"elementor-widget-wrap elementor-element-populated\">\n\t\t\t\t\t\t<div class=\"elementor-element elementor-element-2b63c56 elementor-widget elementor-widget-docshipper-theme-section-title-one-widget\" data-id=\"2b63c56\" data-element_type=\"widget\" data-e-type=\"widget\" data-widget_type=\"docshipper-theme-section-title-one-widget.default\">\n\t\t\t\t<div class=\"elementor-widget-container\">\n\t\t\t\t\t        <div class=\"title-area\">\r\n                        <h1 class=\"sec-title style2\">Contactez-nous<\/h1>                                        <p class=\"sec-text\">Utilisez les formulaires ci-dessous pour demander un devis de transport gratuit ou un devis de sourcing. Nous vous r\u00e9pondrons dans un d\u00e9lai de 24 \u00e0 48 heures.<\/p>\r\n            \r\n        <\/div>\r\n\t\t\t\t<\/div>\n\t\t\t\t<\/div>\n\t\t\t\t\t<\/div>\n\t\t<\/div>\n\t\t\t\t\t<\/div>\n\t\t<\/section>\n\t\t\t\t<section class=\"elementor-section elementor-top-section elementor-element elementor-element-5eab2906 mobile-bg-gray elementor-section-boxed elementor-section-height-default elementor-section-height-default\" data-id=\"5eab2906\" data-element_type=\"section\" data-e-type=\"section\" data-settings=\"{&quot;background_background&quot;:&quot;classic&quot;}\">\n\t\t\t\t\t\t<div class=\"elementor-container elementor-column-gap-default\">\n\t\t\t\t\t<div class=\"elementor-column elementor-col-100 elementor-top-column elementor-element elementor-element-5e89c4ae\" data-id=\"5e89c4ae\" data-element_type=\"column\" data-e-type=\"column\">\n\t\t\t<div class=\"elementor-widget-wrap elementor-element-populated\">\n\t\t\t\t\t\t<div class=\"elementor-element elementor-element-4bbf744b elementor-widget elementor-widget-docshipper-theme-section-title-one-widget\" data-id=\"4bbf744b\" data-element_type=\"widget\" data-e-type=\"widget\" data-widget_type=\"docshipper-theme-section-title-one-widget.default\">\n\t\t\t\t<div class=\"elementor-widget-container\">\n\t\t\t\t\t        <div class=\"title-area\">\r\n                            <span class=\"sub-title\">\r\n                    Logistique                <\/span>\r\n                        <h2 class=\"sec-title style2\">Formulaire pour le Transport International<\/h2>                        \r\n        <\/div>\r\n\t\t\t\t<\/div>\n\t\t\t\t<\/div>\n\t\t\t\t<div class=\"elementor-element elementor-element-691a306a e-n-tabs-tablet elementor-widget elementor-widget-n-tabs\" data-id=\"691a306a\" data-element_type=\"widget\" data-e-type=\"widget\" data-settings=\"{&quot;horizontal_scroll_mobile&quot;:&quot;disable&quot;,&quot;horizontal_scroll_tablet&quot;:&quot;disable&quot;,&quot;horizontal_scroll&quot;:&quot;disable&quot;}\" data-widget_type=\"nested-tabs.default\">\n\t\t\t\t<div class=\"elementor-widget-container\">\n\t\t\t\t\t\t\t<div class=\"e-n-tabs\" data-widget-number=\"1763324010\" aria-label=\"Onglets. Ouvrez des \u00e9l\u00e9ments avec Entrer ou Espace, fermez-les avec Echape et naviguez \u00e0 l&#039;aide des touches fl\u00e9ch\u00e9es.\">\n\t\t\t<div class=\"e-n-tabs-heading\" role=\"tablist\">\n\t\t\t\t\t<button id=\"e-n-tab-title-17633240101\" data-tab-title-id=\"e-n-tab-title-17633240101\" class=\"e-n-tab-title\" aria-selected=\"true\" data-tab-index=\"1\" role=\"tab\" tabindex=\"0\" aria-controls=\"e-n-tab-content-17633240101\" style=\"--n-tabs-title-order: 1;\">\n\t\t\t\t\t<span class=\"e-n-tab-icon\">\n\t\t\t<svg aria-hidden=\"true\" class=\"e-font-icon-svg e-fas-angle-double-down\" viewBox=\"0 0 320 512\" xmlns=\"http:\/\/www.w3.org\/2000\/svg\"><path d=\"M143 256.3L7 120.3c-9.4-9.4-9.4-24.6 0-33.9l22.6-22.6c9.4-9.4 24.6-9.4 33.9 0l96.4 96.4 96.4-96.4c9.4-9.4 24.6-9.4 33.9 0L313 86.3c9.4 9.4 9.4 24.6 0 33.9l-136 136c-9.4 9.5-24.6 9.5-34 .1zm34 192l136-136c9.4-9.4 9.4-24.6 0-33.9l-22.6-22.6c-9.4-9.4-24.6-9.4-33.9 0L160 352.1l-96.4-96.4c-9.4-9.4-24.6-9.4-33.9 0L7 278.3c-9.4 9.4-9.4 24.6 0 33.9l136 136c9.4 9.5 24.6 9.5 34 .1z\"><\/path><\/svg>\t\t\t<svg aria-hidden=\"true\" class=\"e-font-icon-svg e-fas-angle-double-down\" viewBox=\"0 0 320 512\" xmlns=\"http:\/\/www.w3.org\/2000\/svg\"><path d=\"M143 256.3L7 120.3c-9.4-9.4-9.4-24.6 0-33.9l22.6-22.6c9.4-9.4 24.6-9.4 33.9 0l96.4 96.4 96.4-96.4c9.4-9.4 24.6-9.4 33.9 0L313 86.3c9.4 9.4 9.4 24.6 0 33.9l-136 136c-9.4 9.5-24.6 9.5-34 .1zm34 192l136-136c9.4-9.4 9.4-24.6 0-33.9l-22.6-22.6c-9.4-9.4-24.6-9.4-33.9 0L160 352.1l-96.4-96.4c-9.4-9.4-24.6-9.4-33.9 0L7 278.3c-9.4 9.4-9.4 24.6 0 33.9l136 136c9.4 9.5 24.6 9.5 34 .1z\"><\/path><\/svg>\t\t<\/span>\n\t\t\t\t\t<span class=\"e-n-tab-title-text\">\n\t\t\t\tFormulaire d'exp\u00e9dition\t\t\t<\/span>\n\t\t<\/button>\n\t\t\t\t\t<\/div>\n\t\t\t<div class=\"e-n-tabs-content\">\n\t\t\t\t<div id=\"e-n-tab-content-17633240101\" role=\"tabpanel\" aria-labelledby=\"e-n-tab-title-17633240101\" data-tab-index=\"1\" style=\"--n-tabs-title-order: 1;\" class=\"e-active elementor-element elementor-element-1b67159a e-con-full e-flex e-con e-child\" data-id=\"1b67159a\" data-element_type=\"container\" data-e-type=\"container\" data-settings=\"{&quot;background_background&quot;:&quot;classic&quot;}\">\n\t\t\t\t<div class=\"elementor-element elementor-element-18833c74 elementor-widget__width-inherit elementor-widget elementor-widget-html\" data-id=\"18833c74\" data-element_type=\"widget\" data-e-type=\"widget\" data-widget_type=\"html.default\">\n\t\t\t\t<div class=\"elementor-widget-container\">\n\t\t\t\t\t<div id=\"zf_div__blhBy5UEHFTY_lmeTmiomrcKhl3RkvEDIgd8D3FvXY\"><\/div>\r\n<script type=\"text\/javascript\">\r\n(function() {\r\n  try{\r\n    var f = document.createElement(\"iframe\");\r\n\r\n    \/\/ \u2705 referrername = https:\/\/china.docshipper.com\/fr\/\r\n    f.src = 'https:\/\/forms.zohopublic.com\/dev27\/form\/DEVISDETRANSPORTGRATUIT5\/formperma\/_blhBy5UEHFTY_lmeTmiomrcKhl3RkvEDIgd8D3FvXY?zf_rszfm=1'\r\n      + '&referrername=' + encodeURIComponent('https:\/\/china.docshipper.com\/fr\/');\r\n\r\n    f.style.border=\"none\";\r\n    f.style.height=\"801px\";\r\n    f.style.width=\"100%\";\r\n    f.style.transition=\"all 0.5s ease\";\r\n    f.setAttribute(\"aria-label\", 'DEVIS\\x20DE\\x20TRANSPORT\\x20GRATUIT');\r\n\r\n    var d = document.getElementById(\"zf_div__blhBy5UEHFTY_lmeTmiomrcKhl3RkvEDIgd8D3FvXY\");\r\n    d.appendChild(f);\r\n\r\n    window.addEventListener('message', function (event){\r\n      var evntData = event.data;\r\n      if( evntData && evntData.constructor == String ){\r\n        var zf_ifrm_data = evntData.split(\"|\");\r\n        if ( zf_ifrm_data.length == 2 || zf_ifrm_data.length == 3 ) {\r\n          var zf_perma = zf_ifrm_data[0];\r\n          var zf_ifrm_ht_nw = ( parseInt(zf_ifrm_data[1], 10) + 15 ) + \"px\";\r\n          var iframe = document.getElementById(\"zf_div__blhBy5UEHFTY_lmeTmiomrcKhl3RkvEDIgd8D3FvXY\").getElementsByTagName(\"iframe\")[0];\r\n          if ( (iframe.src).indexOf('formperma') > 0 && (iframe.src).indexOf(zf_perma) > 0 ) {\r\n            var prevIframeHeight = iframe.style.height;\r\n            var zf_tout = false;\r\n            if( zf_ifrm_data.length == 3 ) {\r\n              iframe.scrollIntoView();\r\n              zf_tout = true;\r\n            }\r\n            if ( prevIframeHeight != zf_ifrm_ht_nw ) {\r\n              if( zf_tout ) {\r\n                setTimeout(function(){ iframe.style.height = zf_ifrm_ht_nw; },500);\r\n              } else {\r\n                iframe.style.height = zf_ifrm_ht_nw;\r\n              }\r\n            }\r\n          }\r\n        }\r\n      }\r\n    }, false);\r\n\r\n  }catch(e){}\r\n})();\r\n<\/script>\r\n\t\t\t\t<\/div>\n\t\t\t\t<\/div>\n\t\t\t\t<\/div>\n\t\t\t\t\t<\/div>\n\t\t<\/div>\n\t\t\t\t\t\t<\/div>\n\t\t\t\t<\/div>\n\t\t\t\t\t<\/div>\n\t\t<\/div>\n\t\t\t\t\t<\/div>\n\t\t<\/section>\n\t\t\t\t<section class=\"elementor-section elementor-top-section elementor-element elementor-element-1caa29de mobile-bg-gray elementor-section-full_width elementor-section-height-default elementor-section-height-default\" data-id=\"1caa29de\" data-element_type=\"section\" data-e-type=\"section\" data-settings=\"{&quot;background_background&quot;:&quot;classic&quot;}\">\n\t\t\t\t\t\t<div class=\"elementor-container elementor-column-gap-default\">\n\t\t\t\t\t<div class=\"elementor-column elementor-col-100 elementor-top-column elementor-element elementor-element-212efbfe\" data-id=\"212efbfe\" data-element_type=\"column\" data-e-type=\"column\">\n\t\t\t<div class=\"elementor-widget-wrap elementor-element-populated\">\n\t\t\t\t\t\t<div class=\"elementor-element elementor-element-e4f41b6 elementor-widget elementor-widget-docshipper-theme-section-title-one-widget\" data-id=\"e4f41b6\" data-element_type=\"widget\" data-e-type=\"widget\" data-widget_type=\"docshipper-theme-section-title-one-widget.default\">\n\t\t\t\t<div class=\"elementor-widget-container\">\n\t\t\t\t\t        <div class=\"title-area\">\r\n                            <span class=\"sub-title\">\r\n                    Approvisionnement                <\/span>\r\n                        <h2 class=\"sec-title style2\">Formulaire pour le sourcing international<\/h2>                        \r\n        <\/div>\r\n\t\t\t\t<\/div>\n\t\t\t\t<\/div>\n\t\t\t\t<div class=\"elementor-element elementor-element-5f241f41 e-n-tabs-tablet elementor-widget elementor-widget-n-tabs\" data-id=\"5f241f41\" data-element_type=\"widget\" data-e-type=\"widget\" data-settings=\"{&quot;horizontal_scroll_mobile&quot;:&quot;disable&quot;,&quot;horizontal_scroll_tablet&quot;:&quot;disable&quot;,&quot;horizontal_scroll&quot;:&quot;disable&quot;}\" data-widget_type=\"nested-tabs.default\">\n\t\t\t\t<div class=\"elementor-widget-container\">\n\t\t\t\t\t\t\t<div class=\"e-n-tabs\" data-widget-number=\"1596202817\" aria-label=\"Onglets. Ouvrez des \u00e9l\u00e9ments avec Entrer ou Espace, fermez-les avec Echape et naviguez \u00e0 l&#039;aide des touches fl\u00e9ch\u00e9es.\">\n\t\t\t<div class=\"e-n-tabs-heading\" role=\"tablist\">\n\t\t\t\t\t<button id=\"e-n-tab-title-15962028171\" data-tab-title-id=\"e-n-tab-title-15962028171\" class=\"e-n-tab-title\" aria-selected=\"true\" data-tab-index=\"1\" role=\"tab\" tabindex=\"0\" aria-controls=\"e-n-tab-content-15962028171\" style=\"--n-tabs-title-order: 1;\">\n\t\t\t\t\t<span class=\"e-n-tab-icon\">\n\t\t\t<svg aria-hidden=\"true\" class=\"e-font-icon-svg e-fas-angle-double-down\" viewBox=\"0 0 320 512\" xmlns=\"http:\/\/www.w3.org\/2000\/svg\"><path d=\"M143 256.3L7 120.3c-9.4-9.4-9.4-24.6 0-33.9l22.6-22.6c9.4-9.4 24.6-9.4 33.9 0l96.4 96.4 96.4-96.4c9.4-9.4 24.6-9.4 33.9 0L313 86.3c9.4 9.4 9.4 24.6 0 33.9l-136 136c-9.4 9.5-24.6 9.5-34 .1zm34 192l136-136c9.4-9.4 9.4-24.6 0-33.9l-22.6-22.6c-9.4-9.4-24.6-9.4-33.9 0L160 352.1l-96.4-96.4c-9.4-9.4-24.6-9.4-33.9 0L7 278.3c-9.4 9.4-9.4 24.6 0 33.9l136 136c9.4 9.5 24.6 9.5 34 .1z\"><\/path><\/svg>\t\t\t<svg aria-hidden=\"true\" class=\"e-font-icon-svg e-fas-angle-double-down\" viewBox=\"0 0 320 512\" xmlns=\"http:\/\/www.w3.org\/2000\/svg\"><path d=\"M143 256.3L7 120.3c-9.4-9.4-9.4-24.6 0-33.9l22.6-22.6c9.4-9.4 24.6-9.4 33.9 0l96.4 96.4 96.4-96.4c9.4-9.4 24.6-9.4 33.9 0L313 86.3c9.4 9.4 9.4 24.6 0 33.9l-136 136c-9.4 9.5-24.6 9.5-34 .1zm34 192l136-136c9.4-9.4 9.4-24.6 0-33.9l-22.6-22.6c-9.4-9.4-24.6-9.4-33.9 0L160 352.1l-96.4-96.4c-9.4-9.4-24.6-9.4-33.9 0L7 278.3c-9.4 9.4-9.4 24.6 0 33.9l136 136c9.4 9.5 24.6 9.5 34 .1z\"><\/path><\/svg>\t\t<\/span>\n\t\t\t\t\t<span class=\"e-n-tab-title-text\">\n\t\t\t\tFormulaire de sourcing\t\t\t<\/span>\n\t\t<\/button>\n\t\t\t\t\t<\/div>\n\t\t\t<div class=\"e-n-tabs-content\">\n\t\t\t\t<div id=\"e-n-tab-content-15962028171\" role=\"tabpanel\" aria-labelledby=\"e-n-tab-title-15962028171\" data-tab-index=\"1\" style=\"--n-tabs-title-order: 1;\" class=\"e-active elementor-element elementor-element-41a3a143 e-con-full e-flex e-con e-child\" data-id=\"41a3a143\" data-element_type=\"container\" data-e-type=\"container\" data-settings=\"{&quot;background_background&quot;:&quot;classic&quot;}\">\n\t\t\t\t<div class=\"elementor-element elementor-element-67b3f465 elementor-widget__width-inherit elementor-widget elementor-widget-html\" data-id=\"67b3f465\" data-element_type=\"widget\" data-e-type=\"widget\" data-widget_type=\"html.default\">\n\t\t\t\t<div class=\"elementor-widget-container\">\n\t\t\t\t\t<div id=\"zf_div_E20QfdlP4a4-Frv6ZIrqMyPn5j3qKFSIRtkjY8NNKcc\"><\/div><script type=\"text\/javascript\">(function() {\r\ntry{\r\nvar f = document.createElement(\"iframe\");\r\nf.src = 'https:\/\/forms.zohopublic.com\/dev27\/form\/DEVISDESOURCINGGRATUIT2\/formperma\/E20QfdlP4a4-Frv6ZIrqMyPn5j3qKFSIRtkjY8NNKcc?zf_rszfm=1';\r\nf.style.border=\"none\";\r\nf.style.height=\"2503px\";\r\nf.style.width=\"100%\";\r\nf.style.transition=\"all 0.5s ease\";\r\nf.setAttribute(\"aria-label\", 'DEVIS\\x20DE\\x20SOURCING');\r\n\r\nvar d = document.getElementById(\"zf_div_E20QfdlP4a4-Frv6ZIrqMyPn5j3qKFSIRtkjY8NNKcc\");\r\nd.appendChild(f);\r\nwindow.addEventListener('message', function (){\r\nvar evntData = event.data;\r\nif( evntData && evntData.constructor == String ){\r\nvar zf_ifrm_data = evntData.split(\"|\");\r\nif ( zf_ifrm_data.length == 2 || zf_ifrm_data.length == 3 ) {\r\nvar zf_perma = zf_ifrm_data[0];\r\nvar zf_ifrm_ht_nw = ( parseInt(zf_ifrm_data[1], 10) + 15 ) + \"px\";\r\nvar iframe = document.getElementById(\"zf_div_E20QfdlP4a4-Frv6ZIrqMyPn5j3qKFSIRtkjY8NNKcc\").getElementsByTagName(\"iframe\")[0];\r\nif ( (iframe.src).indexOf('formperma') > 0 && (iframe.src).indexOf(zf_perma) > 0 ) {\r\nvar prevIframeHeight = iframe.style.height;\r\nvar zf_tout = false;\r\nif( zf_ifrm_data.length == 3 ) {\r\niframe.scrollIntoView();\r\nzf_tout = true;\r\n}\r\nif ( prevIframeHeight != zf_ifrm_ht_nw ) {\r\nif( zf_tout ) {\r\nsetTimeout(function(){\r\niframe.style.height = zf_ifrm_ht_nw;\r\n},500);\r\n} else {\r\niframe.style.height = zf_ifrm_ht_nw;\r\n}\r\n}\r\n}\r\n}\r\n}\r\n}, false);\r\n}catch(e){}\r\n})();<\/script>\t\t\t\t<\/div>\n\t\t\t\t<\/div>\n\t\t\t\t<\/div>\n\t\t\t\t\t<\/div>\n\t\t<\/div>\n\t\t\t\t\t\t<\/div>\n\t\t\t\t<\/div>\n\t\t\t\t\t<\/div>\n\t\t<\/div>\n\t\t\t\t\t<\/div>\n\t\t<\/section>\n\t\t<div class=\"elementor-element elementor-element-e0705d9 e-flex e-con-boxed e-con e-parent\" data-id=\"e0705d9\" data-element_type=\"container\" data-e-type=\"container\">\n\t\t\t\t\t<div class=\"e-con-inner\">\n\t\t<div class=\"elementor-element elementor-element-5219cd8 e-con-full e-flex e-con e-child\" data-id=\"5219cd8\" data-element_type=\"container\" data-e-type=\"container\">\n\t\t\t\t<div class=\"elementor-element elementor-element-2745152 elementor-widget elementor-widget-docshipper-theme-section-title-one-widget\" data-id=\"2745152\" data-element_type=\"widget\" data-e-type=\"widget\" data-widget_type=\"docshipper-theme-section-title-one-widget.default\">\n\t\t\t\t<div class=\"elementor-widget-container\">\n\t\t\t\t\t        <div class=\"title-area\">\r\n                        <h2 class=\"sec-title style2\">Don't want to use the form? <span>Contact us directly through one of the methods below:<\/span>\n\n\n\n\n\n\n<\/h2>                        \r\n        <\/div>\r\n\t\t\t\t<\/div>\n\t\t\t\t<\/div>\n\t\t\t\t<\/div>\n\t\t\t\t\t<\/div>\n\t\t\t\t<\/div>\n\t\t\t\t<section class=\"elementor-section elementor-top-section elementor-element elementor-element-5ff085b elementor-section-boxed elementor-section-height-default elementor-section-height-default\" data-id=\"5ff085b\" data-element_type=\"section\" data-e-type=\"section\">\n\t\t\t\t\t\t<div class=\"elementor-container elementor-column-gap-default\">\n\t\t\t\t\t<div class=\"elementor-column elementor-col-100 elementor-top-column elementor-element elementor-element-c8bb0a1\" data-id=\"c8bb0a1\" data-element_type=\"column\" data-e-type=\"column\">\n\t\t\t<div class=\"elementor-widget-wrap elementor-element-populated\">\n\t\t\t\t\t\t<section class=\"elementor-section elementor-inner-section elementor-element elementor-element-7c14add elementor-section-boxed elementor-section-height-default elementor-section-height-default\" data-id=\"7c14add\" data-element_type=\"section\" data-e-type=\"section\">\n\t\t\t\t\t\t<div class=\"elementor-container elementor-column-gap-default\">\n\t\t\t\t\t<div class=\"elementor-column elementor-col-33 elementor-inner-column elementor-element elementor-element-a2f07e2 overfollow-hidden\" data-id=\"a2f07e2\" data-element_type=\"column\" data-e-type=\"column\">\n\t\t\t<div class=\"elementor-widget-wrap elementor-element-populated\">\n\t\t\t\t\t\t<div class=\"elementor-element elementor-element-52d6311 elementor-widget__width-auto elementor-absolute elementor-widget elementor-widget-image\" data-id=\"52d6311\" data-element_type=\"widget\" data-e-type=\"widget\" data-settings=\"{&quot;_position&quot;:&quot;absolute&quot;}\" data-widget_type=\"image.default\">\n\t\t\t\t<div class=\"elementor-widget-container\">\n\t\t\t\t\t\t\t\t\t\t\t\t\t\t\t<img decoding=\"async\" src=\"https:\/\/china.docshipper.com\/fr\/wp-content\/uploads\/sites\/3\/elementor\/thumbs\/Component-15-r2f243wkbbcjf5hsdexjofb558c58mvd3sn82r65m0.png\" title=\"Component-15.png\" alt=\"Component-15.png\" loading=\"lazy\" \/>\t\t\t\t\t\t\t\t\t\t\t\t\t\t\t<\/div>\n\t\t\t\t<\/div>\n\t\t\t\t<div class=\"elementor-element elementor-element-1f34b3d elementor-widget elementor-widget-docshipper-image-box-widget\" data-id=\"1f34b3d\" data-element_type=\"widget\" data-e-type=\"widget\" data-widget_type=\"docshipper-image-box-widget.default\">\n\t\t\t\t<div class=\"elementor-widget-container\">\n\t\t\t\t\t        <div class=\"image-box-wrap top-style wow animated fadeInUp\" data-wow-duration=\"1.5s\" data-wow-delay=\"0.4s\">\r\n            <div class=\"content-inner\">\r\n                <h3 class=\"title\" >Live Chat<\/h3>                                    <p class=\"content\">Obtenez une assistance instantan\u00e9e de notre \u00e9quipe\u2014il vous suffit de cliquer et de commencer \u00e0 discuter !<\/p>\r\n                                                    <a class=\"btn btn-base\" href=\"https:\/\/support.docshipper.com\/\" target=\"_blank\" rel=\"noopener\">\r\n                                                    <span class=\"btn_texts\">\r\n                                Chat en Direct                            <\/span>\r\n                                                                            <span class=\"btn_icons float-end\">\r\n                                                            <\/span>\r\n                                            <\/a>\r\n                            <\/div>\r\n                                <div class=\"thumb \">\r\n                        <img decoding=\"async\" src=\"https:\/\/china.docshipper.com\/fr\/wp-content\/uploads\/sites\/3\/2025\/03\/customer-support-1.webp\" alt=\"image\">\r\n                    <\/div>\r\n                    <\/div>\r\n\r\n\t\t\t\t<\/div>\n\t\t\t\t<\/div>\n\t\t\t\t\t<\/div>\n\t\t<\/div>\n\t\t\t\t<div class=\"elementor-column elementor-col-33 elementor-inner-column elementor-element elementor-element-d960772 overfollow-hidden\" data-id=\"d960772\" data-element_type=\"column\" data-e-type=\"column\">\n\t\t\t<div class=\"elementor-widget-wrap elementor-element-populated\">\n\t\t\t\t\t\t<div class=\"elementor-element elementor-element-de7c443 elementor-widget elementor-widget-docshipper-image-box-widget\" data-id=\"de7c443\" data-element_type=\"widget\" data-e-type=\"widget\" data-widget_type=\"docshipper-image-box-widget.default\">\n\t\t\t\t<div class=\"elementor-widget-container\">\n\t\t\t\t\t        <div class=\"image-box-wrap top-style wow animated fadeInUp\" data-wow-duration=\"1.5s\" data-wow-delay=\"0.3s\">\r\n            <div class=\"content-inner\">\r\n                <h3 class=\"title\" >Whatsapp<\/h3>                                    <p class=\"content\">Contactez-nous sur WhatsApp pour un support rapide et personnalis\u00e9. O\u00f9 que vous soyez, nous sommes l\u00e0 pour r\u00e9pondre \u00e0 vos questions par simple message.<\/p>\r\n                                                    <a class=\"btn btn-base\" href=\"https:\/\/wa.me\/33744951388\/\" target=\"_blank\" rel=\"noopener\">\r\n                                                    <span class=\"btn_texts\">\r\n                                Discuter sur WhatsApp                            <\/span>\r\n                                                                            <span class=\"btn_icons float-end\">\r\n                                                            <\/span>\r\n                                            <\/a>\r\n                            <\/div>\r\n                                <div class=\"thumb \">\r\n                        <img decoding=\"async\" src=\"https:\/\/china.docshipper.com\/fr\/wp-content\/uploads\/sites\/3\/2025\/03\/Whatsapp_Icon-e1741186868823.png\" alt=\"image\">\r\n                    <\/div>\r\n                    <\/div>\r\n\r\n\t\t\t\t<\/div>\n\t\t\t\t<\/div>\n\t\t\t\t<div class=\"elementor-element elementor-element-6f44a0d elementor-widget__width-auto elementor-absolute elementor-widget elementor-widget-image\" data-id=\"6f44a0d\" data-element_type=\"widget\" data-e-type=\"widget\" data-settings=\"{&quot;_position&quot;:&quot;absolute&quot;}\" data-widget_type=\"image.default\">\n\t\t\t\t<div class=\"elementor-widget-container\">\n\t\t\t\t\t\t\t\t\t\t\t\t\t\t\t<img decoding=\"async\" src=\"https:\/\/china.docshipper.com\/fr\/wp-content\/uploads\/sites\/3\/elementor\/thumbs\/Component-15-r2f243wkbbcjf5hsdexjofb558c58mvd3sn82r65m0.png\" title=\"Component-15.png\" alt=\"Component-15.png\" loading=\"lazy\" \/>\t\t\t\t\t\t\t\t\t\t\t\t\t\t\t<\/div>\n\t\t\t\t<\/div>\n\t\t\t\t\t<\/div>\n\t\t<\/div>\n\t\t\t\t<div class=\"elementor-column elementor-col-33 elementor-inner-column elementor-element elementor-element-b7f7820 overfollow-hidden\" data-id=\"b7f7820\" data-element_type=\"column\" data-e-type=\"column\">\n\t\t\t<div class=\"elementor-widget-wrap elementor-element-populated\">\n\t\t\t\t\t\t<div class=\"elementor-element elementor-element-8f24baa elementor-widget elementor-widget-docshipper-image-box-widget\" data-id=\"8f24baa\" data-element_type=\"widget\" data-e-type=\"widget\" data-widget_type=\"docshipper-image-box-widget.default\">\n\t\t\t\t<div class=\"elementor-widget-container\">\n\t\t\t\t\t        <div class=\"image-box-wrap top-style wow animated fadeInUp\" data-wow-duration=\"1.5s\" data-wow-delay=\"0.4s\">\r\n            <div class=\"content-inner\">\r\n                <h3 class=\"title\" >Email<\/h3>                                    <p class=\"content\">Vous pr\u00e9f\u00e9rez l'email ? Envoyez-nous votre demande et nous reviendrons vers vous dans les plus brefs d\u00e9lais.<\/p>\r\n                                                    <a class=\"btn btn-base\" href=\"mailto:info@docshipper.com\">\r\n                                                    <span class=\"btn_texts\">\r\n                                info@docshipper.com                            <\/span>\r\n                                                                            <span class=\"btn_icons float-end\">\r\n                                                            <\/span>\r\n                                            <\/a>\r\n                            <\/div>\r\n                                <div class=\"thumb \">\r\n                        <img decoding=\"async\" src=\"https:\/\/china.docshipper.com\/fr\/wp-content\/uploads\/sites\/3\/2025\/03\/Icon-3.svg\" alt=\"image\">\r\n                    <\/div>\r\n                    <\/div>\r\n\r\n\t\t\t\t<\/div>\n\t\t\t\t<\/div>\n\t\t\t\t<div class=\"elementor-element elementor-element-cd5883e elementor-widget__width-auto elementor-absolute elementor-widget elementor-widget-image\" data-id=\"cd5883e\" data-element_type=\"widget\" data-e-type=\"widget\" data-settings=\"{&quot;_position&quot;:&quot;absolute&quot;}\" data-widget_type=\"image.default\">\n\t\t\t\t<div class=\"elementor-widget-container\">\n\t\t\t\t\t\t\t\t\t\t\t\t\t\t\t<img decoding=\"async\" src=\"https:\/\/china.docshipper.com\/fr\/wp-content\/uploads\/sites\/3\/elementor\/thumbs\/Component-15-r2f243wkbbcjf5hsdexjofb558c58mvd3sn82r65m0.png\" title=\"Component-15.png\" alt=\"Component-15.png\" loading=\"lazy\" \/>\t\t\t\t\t\t\t\t\t\t\t\t\t\t\t<\/div>\n\t\t\t\t<\/div>\n\t\t\t\t\t<\/div>\n\t\t<\/div>\n\t\t\t\t\t<\/div>\n\t\t<\/section>\n\t\t\t\t\t<\/div>\n\t\t<\/div>\n\t\t\t\t\t<\/div>\n\t\t<\/section>\n\t\t\t\t<\/div>\n\t\t","protected":false},"excerpt":{"rendered":"<p>Contactez-nous Utilisez les formulaires ci-dessous pour demander un devis de transport gratuit ou un devis de sourcing. Nous vous r\u00e9pondrons dans un d\u00e9lai de 24 \u00e0 48 heures. Logistique Formulaire pour le Transport International Formulaire d&rsquo;exp\u00e9dition Approvisionnement Formulaire pour le sourcing international Formulaire de sourcing Don&rsquo;t want to use the form? Contact us directly through<\/p>\n","protected":false},"author":1,"featured_media":0,"parent":0,"menu_order":0,"comment_status":"closed","ping_status":"closed","template":"elementor_header_footer","meta":{"inline_featured_image":false,"footnotes":""},"class_list":["post-16556","page","type-page","status-publish","hentry"],"_links":{"self":[{"href":"https:\/\/china.docshipper.com\/fr\/wp-json\/wp\/v2\/pages\/16556","targetHints":{"allow":["GET"]}}],"collection":[{"href":"https:\/\/china.docshipper.com\/fr\/wp-json\/wp\/v2\/pages"}],"about":[{"href":"https:\/\/china.docshipper.com\/fr\/wp-json\/wp\/v2\/types\/page"}],"author":[{"embeddable":true,"href":"https:\/\/china.docshipper.com\/fr\/wp-json\/wp\/v2\/users\/1"}],"replies":[{"embeddable":true,"href":"https:\/\/china.docshipper.com\/fr\/wp-json\/wp\/v2\/comments?post=16556"}],"version-history":[{"count":9,"href":"https:\/\/china.docshipper.com\/fr\/wp-json\/wp\/v2\/pages\/16556\/revisions"}],"predecessor-version":[{"id":23524,"href":"https:\/\/china.docshipper.com\/fr\/wp-json\/wp\/v2\/pages\/16556\/revisions\/23524"}],"wp:attachment":[{"href":"https:\/\/china.docshipper.com\/fr\/wp-json\/wp\/v2\/media?parent=16556"}],"curies":[{"name":"wp","href":"https:\/\/api.w.org\/{rel}","templated":true}]}}