{"id":15846,"date":"2025-02-04T14:18:54","date_gmt":"2025-02-04T14:18:54","guid":{"rendered":"https:\/\/china-docshipper.uiart.io\/fr\/?page_id=15846"},"modified":"2025-02-21T22:55:02","modified_gmt":"2025-02-21T22:55:02","slug":"ebooks","status":"publish","type":"page","link":"https:\/\/china.docshipper.com\/fr\/ebooks\/","title":{"rendered":"Ebooks"},"content":{"rendered":"\t\t<div data-elementor-type=\"wp-page\" data-elementor-id=\"15846\" class=\"elementor elementor-15846\" data-elementor-post-type=\"page\">\n\t\t\t\t\t\t<section class=\"elementor-section elementor-top-section elementor-element elementor-element-3ec19786 elementor-section-full_width elementor-section-height-default elementor-section-height-default\" data-id=\"3ec19786\" data-element_type=\"section\" data-e-type=\"section\" data-settings=\"{&quot;background_background&quot;:&quot;classic&quot;,&quot;shape_divider_bottom&quot;:&quot;curve&quot;}\">\n\t\t\t\t\t<div class=\"elementor-shape elementor-shape-bottom\" aria-hidden=\"true\" data-negative=\"false\">\n\t\t\t<svg xmlns=\"http:\/\/www.w3.org\/2000\/svg\" viewBox=\"0 0 1000 100\" preserveAspectRatio=\"none\">\n    <path class=\"elementor-shape-fill\" d=\"M1000,4.3V0H0v4.3C0.9,23.1,126.7,99.2,500,100S1000,22.7,1000,4.3z\"\/>\n<\/svg>\t\t<\/div>\n\t\t\t\t\t<div class=\"elementor-container elementor-column-gap-default\">\n\t\t\t\t\t<div class=\"elementor-column elementor-col-100 elementor-top-column elementor-element elementor-element-211917bc\" data-id=\"211917bc\" data-element_type=\"column\" data-e-type=\"column\">\n\t\t\t<div class=\"elementor-widget-wrap elementor-element-populated\">\n\t\t\t\t\t\t<section class=\"elementor-section elementor-inner-section elementor-element elementor-element-1ef647b1 elementor-section-boxed elementor-section-height-default elementor-section-height-default\" data-id=\"1ef647b1\" data-element_type=\"section\" data-e-type=\"section\">\n\t\t\t\t\t\t<div class=\"elementor-container elementor-column-gap-default\">\n\t\t\t\t\t<div class=\"elementor-column elementor-col-100 elementor-inner-column elementor-element elementor-element-563d9082\" data-id=\"563d9082\" data-element_type=\"column\" data-e-type=\"column\">\n\t\t\t<div class=\"elementor-widget-wrap elementor-element-populated\">\n\t\t\t\t\t\t<div class=\"elementor-element elementor-element-7106e9bc elementor-widget elementor-widget-docshipper-theme-section-title-one-widget\" data-id=\"7106e9bc\" data-element_type=\"widget\" data-e-type=\"widget\" data-widget_type=\"docshipper-theme-section-title-one-widget.default\">\n\t\t\t\t<div class=\"elementor-widget-container\">\n\t\t\t\t\t        <div class=\"title-area\">\r\n                        <h1 class=\"sec-title style2\">D\u00e9couvrez notre collection exclusive de <span>E-Books<\/h1>                                        <p class=\"sec-text\">Explorez notre biblioth\u00e8que de livres \u00e9lectroniques con\u00e7us par des experts pour vous aider \u00e0 apprendre, \u00e0 vous d\u00e9velopper et \u00e0 r\u00e9ussir lors de l'importation et de l'exportation.\n\nQue vous recherchiez des guides d\u00e9taill\u00e9s, des informations exploitables ou des histoires inspirantes, vous trouverez tout ce dont vous avez besoin ici, au m\u00eame endroit.<\/p>\r\n            \r\n        <\/div>\r\n\t\t\t\t<\/div>\n\t\t\t\t<\/div>\n\t\t\t\t\t<\/div>\n\t\t<\/div>\n\t\t\t\t\t<\/div>\n\t\t<\/section>\n\t\t\t\t\t<\/div>\n\t\t<\/div>\n\t\t\t\t\t<\/div>\n\t\t<\/section>\n\t\t\t\t<section class=\"elementor-section elementor-top-section elementor-element elementor-element-119dc204 elementor-section-boxed elementor-section-height-default elementor-section-height-default\" data-id=\"119dc204\" data-element_type=\"section\" data-e-type=\"section\">\n\t\t\t\t\t\t<div class=\"elementor-container elementor-column-gap-default\">\n\t\t\t\t\t<div class=\"elementor-column elementor-col-100 elementor-top-column elementor-element elementor-element-26dd5e8c\" data-id=\"26dd5e8c\" data-element_type=\"column\" data-e-type=\"column\">\n\t\t\t<div class=\"elementor-widget-wrap elementor-element-populated\">\n\t\t\t\t\t\t<section class=\"elementor-section elementor-inner-section elementor-element elementor-element-12c23f3e elementor-section-height-min-height elementor-section-boxed elementor-section-height-default\" data-id=\"12c23f3e\" data-element_type=\"section\" data-e-type=\"section\">\n\t\t\t\t\t\t<div class=\"elementor-container elementor-column-gap-default\">\n\t\t\t\t\t<div class=\"elementor-column elementor-col-50 elementor-inner-column elementor-element elementor-element-15df8b7f\" data-id=\"15df8b7f\" data-element_type=\"column\" data-e-type=\"column\">\n\t\t\t<div class=\"elementor-widget-wrap elementor-element-populated\">\n\t\t\t\t\t\t<div class=\"elementor-element elementor-element-1785c5b elementor-widget__width-initial elementor-widget elementor-widget-image\" data-id=\"1785c5b\" data-element_type=\"widget\" data-e-type=\"widget\" data-widget_type=\"image.default\">\n\t\t\t\t<div class=\"elementor-widget-container\">\n\t\t\t\t\t\t\t\t\t\t\t\t\t\t\t<img fetchpriority=\"high\" decoding=\"async\" width=\"601\" height=\"764\" src=\"https:\/\/china.docshipper.com\/fr\/wp-content\/uploads\/sites\/3\/2025\/02\/Product-Quality-Inspection.webp\" class=\"attachment-full size-full wp-image-15849\" alt=\"\" srcset=\"https:\/\/china.docshipper.com\/fr\/wp-content\/uploads\/sites\/3\/2025\/02\/Product-Quality-Inspection.webp 601w, https:\/\/china.docshipper.com\/fr\/wp-content\/uploads\/sites\/3\/2025\/02\/Product-Quality-Inspection-236x300.webp 236w\" sizes=\"(max-width: 601px) 100vw, 601px\" \/>\t\t\t\t\t\t\t\t\t\t\t\t\t\t\t<\/div>\n\t\t\t\t<\/div>\n\t\t\t\t\t<\/div>\n\t\t<\/div>\n\t\t\t\t<div class=\"elementor-column elementor-col-50 elementor-inner-column elementor-element elementor-element-2847c98d\" data-id=\"2847c98d\" data-element_type=\"column\" data-e-type=\"column\">\n\t\t\t<div class=\"elementor-widget-wrap elementor-element-populated\">\n\t\t\t\t\t\t<div class=\"elementor-element elementor-element-674320ea elementor-widget__width-initial elementor-widget elementor-widget-docshipper-theme-section-title-one-widget\" data-id=\"674320ea\" data-element_type=\"widget\" data-e-type=\"widget\" data-widget_type=\"docshipper-theme-section-title-one-widget.default\">\n\t\t\t\t<div class=\"elementor-widget-container\">\n\t\t\t\t\t        <div class=\"title-area\">\r\n                            <span class=\"sub-title\">\r\n                    Rapport r\u00e9el                <\/span>\r\n                        <h2 class=\"sec-title style2\">[Exemple] Rapport de contr\u00f4le qualit\u00e9 en usine<\/h2>                                        <p class=\"sec-text\">D\u00e9couvrez comment nos experts en qualit\u00e9 travaillent sur place, dans les usines de toute la Chine, pour s'assurer que vos produits r\u00e9pondent aux normes les plus strictes.\n<br><br>\nCeci est un exemple r\u00e9el de rapport d\u00e9taill\u00e9 de contr\u00f4le qualit\u00e9 r\u00e9dig\u00e9 par nos inspecteurs lors d'une inspection d'usine pour l'un de nos clients. Ce rapport illustre les v\u00e9rifications approfondies que nous effectuons lorsque nous nous approvisionnons en Chine.<\/p>\r\n            \r\n        <\/div>\r\n\t\t\t\t<\/div>\n\t\t\t\t<\/div>\n\t\t\t\t<div class=\"elementor-element elementor-element-62c0a3b2 elementor-widget__width-initial elementor-widget elementor-widget-docshipper-button-widget\" data-id=\"62c0a3b2\" data-element_type=\"widget\" data-e-type=\"widget\" data-widget_type=\"docshipper-button-widget.default\">\n\t\t\t\t<div class=\"elementor-widget-container\">\n\t\t\t\t\t\r\n    <div class=\"btn-wrapper\">\r\n        <a class=\"btn btn-base\" href=\"https:\/\/china.docshipper.com\/fr\/exemple-rapport-controle-qualite\/\">\r\n            T\u00e9l\u00e9charger l'exemple                            <span class=\"float-end\">\r\n                    <svg xmlns=\"http:\/\/www.w3.org\/2000\/svg\" width=\"24\" height=\"24\" viewBox=\"0 0 24 24\" fill=\"none\"><path d=\"M11.2004 4L11.2004 13.736L8.32839 10.872L7.20039 12L12.0004 16.8L16.8004 12L15.6724 10.872L12.8004 13.736L12.8004 4L11.2004 4Z\" fill=\"white\"><\/path><path d=\"M6.40039 18.4H17.6004V20H6.40039V18.4Z\" fill=\"white\"><\/path><\/svg>                <\/span>\r\n                    <\/a>\r\n    <\/div>\r\n\r\n    \t\t\t\t<\/div>\n\t\t\t\t<\/div>\n\t\t\t\t\t<\/div>\n\t\t<\/div>\n\t\t\t\t\t<\/div>\n\t\t<\/section>\n\t\t\t\t<div class=\"elementor-element elementor-element-b012854 elementor-widget-divider--view-line elementor-widget elementor-widget-divider\" data-id=\"b012854\" data-element_type=\"widget\" data-e-type=\"widget\" data-widget_type=\"divider.default\">\n\t\t\t\t<div class=\"elementor-widget-container\">\n\t\t\t\t\t\t\t<div class=\"elementor-divider\">\n\t\t\t<span class=\"elementor-divider-separator\">\n\t\t\t\t\t\t<\/span>\n\t\t<\/div>\n\t\t\t\t\t\t<\/div>\n\t\t\t\t<\/div>\n\t\t\t\t\t<\/div>\n\t\t<\/div>\n\t\t\t\t\t<\/div>\n\t\t<\/section>\n\t\t<div class=\"elementor-element elementor-element-1608fbd2 e-flex e-con-boxed e-con e-parent\" data-id=\"1608fbd2\" data-element_type=\"container\" data-e-type=\"container\">\n\t\t\t\t\t<div class=\"e-con-inner\">\n\t\t\t\t<div class=\"elementor-element elementor-element-1f61d6ea elementor-widget elementor-widget-docshipper-theme-section-title-one-widget\" data-id=\"1f61d6ea\" data-element_type=\"widget\" data-e-type=\"widget\" data-widget_type=\"docshipper-theme-section-title-one-widget.default\">\n\t\t\t\t<div class=\"elementor-widget-container\">\n\t\t\t\t\t        <div class=\"title-area\">\r\n                        <h2 class=\"sec-title style2\">Autres <span>ressources int\u00e9ressantes<\/span> \u00e0 consulter<\/h2>                        \r\n        <\/div>\r\n\t\t\t\t<\/div>\n\t\t\t\t<\/div>\n\t\t\t\t\t<\/div>\n\t\t\t\t<\/div>\n\t\t\t\t<section class=\"elementor-section elementor-top-section elementor-element elementor-element-cdb54b2 elementor-section-boxed elementor-section-height-default elementor-section-height-default\" data-id=\"cdb54b2\" data-element_type=\"section\" data-e-type=\"section\">\n\t\t\t\t\t\t<div class=\"elementor-container elementor-column-gap-default\">\n\t\t\t\t\t<div class=\"elementor-column elementor-col-100 elementor-top-column elementor-element elementor-element-78cf109f\" data-id=\"78cf109f\" data-element_type=\"column\" data-e-type=\"column\">\n\t\t\t<div class=\"elementor-widget-wrap elementor-element-populated\">\n\t\t\t\t\t\t<section class=\"elementor-section elementor-inner-section elementor-element elementor-element-38032897 elementor-section-boxed elementor-section-height-default elementor-section-height-default\" data-id=\"38032897\" data-element_type=\"section\" data-e-type=\"section\">\n\t\t\t\t\t\t<div class=\"elementor-container elementor-column-gap-default\">\n\t\t\t\t\t<div class=\"elementor-column elementor-col-50 elementor-inner-column elementor-element elementor-element-7d3909cb\" data-id=\"7d3909cb\" data-element_type=\"column\" data-e-type=\"column\">\n\t\t\t<div class=\"elementor-widget-wrap elementor-element-populated\">\n\t\t\t\t\t\t<div class=\"elementor-element elementor-element-4024af28 image-box-wrap-btn-none elementor-widget elementor-widget-docshipper-image-box-widget\" data-id=\"4024af28\" data-element_type=\"widget\" data-e-type=\"widget\" data-widget_type=\"docshipper-image-box-widget.default\">\n\t\t\t\t<div class=\"elementor-widget-container\">\n\t\t\t\t\t        <div class=\"image-box-wrap bottom-right wow animated fadeInUp\" data-wow-duration=\"1.5s\" data-wow-delay=\"0.4s\">\r\n            <div class=\"content-inner\">\r\n                <h3 class=\"title\" >Guides de destination<\/h3>                                    <p class=\"content\">Des guides pratiques et complets pour chaque pays, pour que votre transport depuis la Chine se d\u00e9roule dans les meilleures conditions.<\/p>\r\n                                                    <a class=\"btn btn-base\" href=\"https:\/\/china.docshipper.com\/fr\/guides-destination-international\/\">\r\n                                                    <span class=\"btn_texts\">\r\n                                Explorer                            <\/span>\r\n                                                                            <span class=\"btn_icons float-end\">\r\n                                <svg xmlns=\"http:\/\/www.w3.org\/2000\/svg\" width=\"13\" height=\"13\" viewBox=\"0 0 13 13\" fill=\"none\"><path d=\"M2.0504 12.6478L10.6559 4.04231L10.663 9.11227H12.657L12.657 0.626986L4.17172 0.626985V2.62103L9.24168 2.6281L0.636189 11.2336L2.0504 12.6478Z\" fill=\"currentColor\"><\/path><\/svg>                            <\/span>\r\n                                            <\/a>\r\n                            <\/div>\r\n                                <div class=\"thumb image-dark\">\r\n                        <img decoding=\"async\" src=\"https:\/\/china.docshipper.com\/fr\/wp-content\/uploads\/sites\/3\/2025\/02\/Illustxration.png\" alt=\"image\">\r\n                    <\/div>\r\n                    <\/div>\r\n\r\n\t\t\t\t<\/div>\n\t\t\t\t<\/div>\n\t\t\t\t\t<\/div>\n\t\t<\/div>\n\t\t\t\t<div class=\"elementor-column elementor-col-50 elementor-inner-column elementor-element elementor-element-2e98d9d1\" data-id=\"2e98d9d1\" data-element_type=\"column\" data-e-type=\"column\">\n\t\t\t<div class=\"elementor-widget-wrap elementor-element-populated\">\n\t\t\t\t\t\t<div class=\"elementor-element elementor-element-3fcba9cd image-box-wrap-btn-none elementor-widget elementor-widget-docshipper-image-box-widget\" data-id=\"3fcba9cd\" data-element_type=\"widget\" data-e-type=\"widget\" data-widget_type=\"docshipper-image-box-widget.default\">\n\t\t\t\t<div class=\"elementor-widget-container\">\n\t\t\t\t\t        <div class=\"image-box-wrap bottom-right wow animated fadeInUp\" data-wow-duration=\"1.5s\" data-wow-delay=\"0.3s\">\r\n            <div class=\"content-inner\">\r\n                <h3 class=\"title\" >Blogs<\/h3>                                    <p class=\"content\">Conseils pratiques, analyses de march\u00e9 et actualit\u00e9s sur le commerce international.<\/p>\r\n                                                    <a class=\"btn btn-base\" href=\"https:\/\/china.docshipper.com\/fr\/blog\/\">\r\n                                                    <span class=\"btn_texts\">\r\n                                Explorer                            <\/span>\r\n                                                                            <span class=\"btn_icons float-end\">\r\n                                <svg xmlns=\"http:\/\/www.w3.org\/2000\/svg\" width=\"13\" height=\"13\" viewBox=\"0 0 13 13\" fill=\"none\"><path d=\"M2.0504 12.6478L10.6559 4.04231L10.663 9.11227H12.657L12.657 0.626986L4.17172 0.626985V2.62103L9.24168 2.6281L0.636189 11.2336L2.0504 12.6478Z\" fill=\"currentColor\"><\/path><\/svg>                            <\/span>\r\n                                            <\/a>\r\n                            <\/div>\r\n                                <div class=\"thumb image-dark\">\r\n                        <img decoding=\"async\" src=\"https:\/\/china.docshipper.com\/fr\/wp-content\/uploads\/sites\/3\/2025\/02\/Illustddration.png\" alt=\"image\">\r\n                    <\/div>\r\n                    <\/div>\r\n\r\n\t\t\t\t<\/div>\n\t\t\t\t<\/div>\n\t\t\t\t\t<\/div>\n\t\t<\/div>\n\t\t\t\t\t<\/div>\n\t\t<\/section>\n\t\t\t\t\t<\/div>\n\t\t<\/div>\n\t\t\t\t\t<\/div>\n\t\t<\/section>\n\t\t\t\t<\/div>\n\t\t","protected":false},"excerpt":{"rendered":"<p>D\u00e9couvrez notre collection exclusive de E-Books Explorez notre biblioth\u00e8que de livres \u00e9lectroniques con\u00e7us par des experts pour vous aider \u00e0 apprendre, \u00e0 vous d\u00e9velopper et \u00e0 r\u00e9ussir lors de l&rsquo;importation et de l&rsquo;exportation. Que vous recherchiez des guides d\u00e9taill\u00e9s, des informations exploitables ou des histoires inspirantes, vous trouverez tout ce dont vous avez besoin ici,<\/p>\n","protected":false},"author":1,"featured_media":0,"parent":0,"menu_order":0,"comment_status":"closed","ping_status":"closed","template":"elementor_header_footer","meta":{"inline_featured_image":false,"footnotes":""},"class_list":["post-15846","page","type-page","status-publish","hentry"],"_links":{"self":[{"href":"https:\/\/china.docshipper.com\/fr\/wp-json\/wp\/v2\/pages\/15846","targetHints":{"allow":["GET"]}}],"collection":[{"href":"https:\/\/china.docshipper.com\/fr\/wp-json\/wp\/v2\/pages"}],"about":[{"href":"https:\/\/china.docshipper.com\/fr\/wp-json\/wp\/v2\/types\/page"}],"author":[{"embeddable":true,"href":"https:\/\/china.docshipper.com\/fr\/wp-json\/wp\/v2\/users\/1"}],"replies":[{"embeddable":true,"href":"https:\/\/china.docshipper.com\/fr\/wp-json\/wp\/v2\/comments?post=15846"}],"version-history":[{"count":0,"href":"https:\/\/china.docshipper.com\/fr\/wp-json\/wp\/v2\/pages\/15846\/revisions"}],"wp:attachment":[{"href":"https:\/\/china.docshipper.com\/fr\/wp-json\/wp\/v2\/media?parent=15846"}],"curies":[{"name":"wp","href":"https:\/\/api.w.org\/{rel}","templated":true}]}}